{"id":5056,"date":"2025-09-04T08:42:27","date_gmt":"2025-09-04T08:42:27","guid":{"rendered":"https:\/\/victoriajimenezpsicologia.com\/about-me\/"},"modified":"2026-02-24T06:59:50","modified_gmt":"2026-02-24T06:59:50","slug":"about-me","status":"publish","type":"page","link":"https:\/\/victoriajimenezpsicologia.com\/en\/about-me\/","title":{"rendered":"About me"},"content":{"rendered":"\t\t<div data-elementor-type=\"wp-page\" data-elementor-id=\"5056\" class=\"elementor elementor-5056 elementor-447\" data-elementor-post-type=\"page\">\n\t\t\t\t<div class=\"elementor-element elementor-element-d607fcf e-con-full e-flex e-con e-parent\" data-id=\"d607fcf\" data-element_type=\"container\" data-e-type=\"container\" data-settings=\"{&quot;background_background&quot;:&quot;classic&quot;}\">\n\t\t<div class=\"elementor-element elementor-element-17a88b8 e-con-full e-flex e-con e-child\" data-id=\"17a88b8\" data-element_type=\"container\" data-e-type=\"container\">\n\t\t\t\t<div class=\"elementor-element elementor-element-fccdca7 elementor-widget elementor-widget-heading\" data-id=\"fccdca7\" data-element_type=\"widget\" data-e-type=\"widget\" data-widget_type=\"heading.default\">\n\t\t\t\t\t<h1 class=\"elementor-heading-title elementor-size-default\">Meet your psychologist<\/h1>\t\t\t\t<\/div>\n\t\t\t\t<div class=\"elementor-element elementor-element-f6e4c1b elementor-widget elementor-widget-text-editor\" data-id=\"f6e4c1b\" data-element_type=\"widget\" data-e-type=\"widget\" data-widget_type=\"text-editor.default\">\n\t\t\t\t\t\t\t\t\t<p><span style=\"font-weight: 400;\">Vict\u00f2ria Jim\u00e9nez<\/span><\/p>\t\t\t\t\t\t\t\t<\/div>\n\t\t\t\t<\/div>\n\t\t\t\t<\/div>\n\t\t<div class=\"elementor-element elementor-element-f716cdc animated-slow e-flex e-con-boxed elementor-invisible e-con e-parent\" data-id=\"f716cdc\" data-element_type=\"container\" data-e-type=\"container\" data-settings=\"{&quot;animation&quot;:&quot;fadeIn&quot;,&quot;animation_delay&quot;:500,&quot;background_background&quot;:&quot;classic&quot;}\">\n\t\t\t\t\t<div class=\"e-con-inner\">\n\t\t<div class=\"elementor-element elementor-element-f684628 e-con-full e-flex e-con e-child\" data-id=\"f684628\" data-element_type=\"container\" data-e-type=\"container\">\n\t\t<div class=\"elementor-element elementor-element-d829742 e-con-full e-flex e-con e-child\" data-id=\"d829742\" data-element_type=\"container\" data-e-type=\"container\" data-settings=\"{&quot;background_background&quot;:&quot;classic&quot;}\">\n\t\t\t\t<\/div>\n\t\t<div class=\"elementor-element elementor-element-e1759d0 e-con-full e-flex e-con e-child\" data-id=\"e1759d0\" data-element_type=\"container\" data-e-type=\"container\">\n\t\t<div class=\"elementor-element elementor-element-2a4616f e-con-full e-flex e-con e-child\" data-id=\"2a4616f\" data-element_type=\"container\" data-e-type=\"container\">\n\t\t\t\t<div class=\"elementor-element elementor-element-24ff9b8 elementor-widget elementor-widget-heading\" data-id=\"24ff9b8\" data-element_type=\"widget\" data-e-type=\"widget\" data-widget_type=\"heading.default\">\n\t\t\t\t\t<h3 class=\"elementor-heading-title elementor-size-default\">I AM<\/h3>\t\t\t\t<\/div>\n\t\t\t\t<div class=\"elementor-element elementor-element-f3b5704 elementor-widget elementor-widget-heading\" data-id=\"f3b5704\" data-element_type=\"widget\" data-e-type=\"widget\" data-widget_type=\"heading.default\">\n\t\t\t\t\t<h3 class=\"elementor-heading-title elementor-size-default\">Vict\u00f2ria Jim\u00e9nez<\/h3>\t\t\t\t<\/div>\n\t\t\t\t<div class=\"elementor-element elementor-element-e110315 elementor-widget elementor-widget-heading\" data-id=\"e110315\" data-element_type=\"widget\" data-e-type=\"widget\" data-widget_type=\"heading.default\">\n\t\t\t\t\t<h3 class=\"elementor-heading-title elementor-size-default\">License No.: B-03515<\/h3>\t\t\t\t<\/div>\n\t\t\t\t<div class=\"elementor-element elementor-element-c46fbc3 elementor-widget-tablet__width-inherit elementor-widget elementor-widget-text-editor\" data-id=\"c46fbc3\" data-element_type=\"widget\" data-e-type=\"widget\" data-widget_type=\"text-editor.default\">\n\t\t\t\t\t\t\t\t\t<p><span style=\"font-weight: 400;\">A graduate in Psychology from the University of the Balearic Islands, she became a licensed healthcare psychologist after completing an official Master&#8217;s degree in General Healthcare Psychology at the same university. Throughout her career, she has continued to expand her training in specific areas such as couples therapy, mindfulness-based cognitive therapy (MBCT), cognitive-behavioral therapy, acceptance and commitment therapy (ACT), trauma narrative therapy, and internal family systems therapy.<\/span><\/p><p><span style=\"font-weight: 400;\">This background allows her to support individuals with an integrative vision, selecting the most appropriate tools for each process and always with a trauma-sensitive perspective. Her approach is based on the conviction that everyone possesses valuable resources to heal and grow, and that therapy can become a safe space to rediscover them.<\/span><\/p>\t\t\t\t\t\t\t\t<\/div>\n\t\t<div class=\"elementor-element elementor-element-6b74eca e-con-full e-flex e-con e-child\" data-id=\"6b74eca\" data-element_type=\"container\" data-e-type=\"container\">\n\t\t<div class=\"elementor-element elementor-element-c593ab7 e-con-full e-flex e-con e-child\" data-id=\"c593ab7\" data-element_type=\"container\" data-e-type=\"container\">\n\t\t\t\t<div class=\"elementor-element elementor-element-13eaf9b elementor-mobile-align-center elementor-widget elementor-widget-button\" data-id=\"13eaf9b\" data-element_type=\"widget\" data-e-type=\"widget\" data-widget_type=\"button.default\">\n\t\t\t\t\t\t\t\t\t\t<a class=\"elementor-button elementor-button-link elementor-size-sm\" href=\"https:\/\/victoriajimenezpsicologia.com\/en\/contact\/\">\n\t\t\t\t\t\t<span class=\"elementor-button-content-wrapper\">\n\t\t\t\t\t\t<span class=\"elementor-button-icon\">\n\t\t\t\t<svg aria-hidden=\"true\" class=\"e-font-icon-svg e-fas-angle-right\" viewBox=\"0 0 256 512\" xmlns=\"http:\/\/www.w3.org\/2000\/svg\"><path d=\"M224.3 273l-136 136c-9.4 9.4-24.6 9.4-33.9 0l-22.6-22.6c-9.4-9.4-9.4-24.6 0-33.9l96.4-96.4-96.4-96.4c-9.4-9.4-9.4-24.6 0-33.9L54.3 103c9.4-9.4 24.6-9.4 33.9 0l136 136c9.5 9.4 9.5 24.6.1 34z\"><\/path><\/svg>\t\t\t<\/span>\n\t\t\t\t\t\t\t\t\t<span class=\"elementor-button-text\">Book your appointment<\/span>\n\t\t\t\t\t<\/span>\n\t\t\t\t\t<\/a>\n\t\t\t\t\t\t\t\t<\/div>\n\t\t\t\t<\/div>\n\t\t\t\t<\/div>\n\t\t\t\t<\/div>\n\t\t\t\t<\/div>\n\t\t\t\t<\/div>\n\t\t\t\t\t<\/div>\n\t\t\t\t<\/div>\n\t\t<div class=\"elementor-element elementor-element-4b8b36a animated-slow e-flex e-con-boxed elementor-invisible e-con e-parent\" data-id=\"4b8b36a\" data-element_type=\"container\" data-e-type=\"container\" data-settings=\"{&quot;animation&quot;:&quot;fadeIn&quot;,&quot;animation_delay&quot;:500,&quot;background_background&quot;:&quot;classic&quot;}\">\n\t\t\t\t\t<div class=\"e-con-inner\">\n\t\t<div class=\"elementor-element elementor-element-f0df278 e-con-full e-flex e-con e-child\" data-id=\"f0df278\" data-element_type=\"container\" data-e-type=\"container\">\n\t\t<div class=\"elementor-element elementor-element-ffeb4e8 e-con-full e-flex e-con e-child\" data-id=\"ffeb4e8\" data-element_type=\"container\" data-e-type=\"container\" data-settings=\"{&quot;background_background&quot;:&quot;classic&quot;}\">\n\t\t\t\t<\/div>\n\t\t<div class=\"elementor-element elementor-element-ca0d803 e-con-full e-flex e-con e-child\" data-id=\"ca0d803\" data-element_type=\"container\" data-e-type=\"container\">\n\t\t<div class=\"elementor-element elementor-element-830a02c e-con-full e-flex e-con e-child\" data-id=\"830a02c\" data-element_type=\"container\" data-e-type=\"container\">\n\t\t\t\t<div class=\"elementor-element elementor-element-50d2263 elementor-widget elementor-widget-heading\" data-id=\"50d2263\" data-element_type=\"widget\" data-e-type=\"widget\" data-widget_type=\"heading.default\">\n\t\t\t\t\t<h3 class=\"elementor-heading-title elementor-size-default\">From curiosity to experience<\/h3>\t\t\t\t<\/div>\n\t\t\t\t<div class=\"elementor-element elementor-element-f7b0764 elementor-widget-tablet__width-inherit elementor-widget elementor-widget-text-editor\" data-id=\"f7b0764\" data-element_type=\"widget\" data-e-type=\"widget\" data-widget_type=\"text-editor.default\">\n\t\t\t\t\t\t\t\t\t<p><i><span style=\"font-weight: 400;\">I could explain how I came to psychology, but in reality, I feel like psychology came to me. I have always been driven by a curiosity to understand human beings: how we think, feel, and relate to one another. Over time, I discovered that this interest was not just intellectual, but also a deep calling to support others through their life processes.<\/span><\/i><\/p><p><i><span style=\"font-weight: 400;\">I chose psychology because I firmly believe that we all have the capacity to grow, heal, and find our balance again. My professional training has given me tools, but it is the experience with each person that has taught me that behind every story there is strength, hope, and a genuine desire to live better.<\/span><\/i><\/p><p><i><span style=\"font-weight: 400;\">Today, I put all that experience and learning at the service of those who decide to start a therapeutic process, with the conviction that taking care of mental health is an act of self-love and the basis for a full life.<\/span><\/i><\/p>\t\t\t\t\t\t\t\t<\/div>\n\t\t<div class=\"elementor-element elementor-element-62a59b5 e-con-full e-flex e-con e-child\" data-id=\"62a59b5\" data-element_type=\"container\" data-e-type=\"container\">\n\t\t\t\t<div class=\"elementor-element elementor-element-0e981a4 elementor-widget elementor-widget-image\" data-id=\"0e981a4\" data-element_type=\"widget\" data-e-type=\"widget\" data-widget_type=\"image.default\">\n\t\t\t\t\t\t\t\t\t\t\t\t\t\t\t<img fetchpriority=\"high\" decoding=\"async\" width=\"998\" height=\"1024\" src=\"https:\/\/victoriajimenezpsicologia.com\/wp-content\/uploads\/2026\/02\/Logo-firma-1-998x1024.png\" class=\"attachment-large size-large wp-image-5426\" alt=\"\" srcset=\"https:\/\/victoriajimenezpsicologia.com\/wp-content\/uploads\/2026\/02\/Logo-firma-1-998x1024.png 998w, https:\/\/victoriajimenezpsicologia.com\/wp-content\/uploads\/2026\/02\/Logo-firma-1-292x300.png 292w, https:\/\/victoriajimenezpsicologia.com\/wp-content\/uploads\/2026\/02\/Logo-firma-1-768x788.png 768w, https:\/\/victoriajimenezpsicologia.com\/wp-content\/uploads\/2026\/02\/Logo-firma-1-1497x1536.png 1497w, https:\/\/victoriajimenezpsicologia.com\/wp-content\/uploads\/2026\/02\/Logo-firma-1-1996x2048.png 1996w\" sizes=\"(max-width: 998px) 100vw, 998px\" \/>\t\t\t\t\t\t\t\t\t\t\t\t\t\t\t<\/div>\n\t\t\t\t<\/div>\n\t\t\t\t<\/div>\n\t\t\t\t<\/div>\n\t\t\t\t<\/div>\n\t\t\t\t\t<\/div>\n\t\t\t\t<\/div>\n\t\t<div class=\"elementor-element elementor-element-b7a7d7f elementor-hidden-desktop elementor-hidden-tablet elementor-hidden-mobile e-flex e-con-boxed e-con e-parent\" data-id=\"b7a7d7f\" data-element_type=\"container\" data-e-type=\"container\" data-settings=\"{&quot;background_background&quot;:&quot;classic&quot;}\">\n\t\t\t\t\t<div class=\"e-con-inner\">\n\t\t<div class=\"elementor-element elementor-element-cfc5eba e-con-full e-flex e-con e-child\" data-id=\"cfc5eba\" data-element_type=\"container\" data-e-type=\"container\">\n\t\t\t\t<div class=\"elementor-element elementor-element-ba7efd8 elementor-widget elementor-widget-heading\" data-id=\"ba7efd8\" data-element_type=\"widget\" data-e-type=\"widget\" data-widget_type=\"heading.default\">\n\t\t\t\t\t<div class=\"elementor-heading-title elementor-size-default\">\u201c<\/div>\t\t\t\t<\/div>\n\t\t\t\t<div class=\"elementor-element elementor-element-c344d56 elementor-widget elementor-widget-heading\" data-id=\"c344d56\" data-element_type=\"widget\" data-e-type=\"widget\" data-widget_type=\"heading.default\">\n\t\t\t\t\t<div class=\"elementor-heading-title elementor-size-default\">Sowing the seed of change is trusting that well-being will flourish over time.<\/div>\t\t\t\t<\/div>\n\t\t\t\t<div class=\"elementor-element elementor-element-2f90007 elementor-widget elementor-widget-image\" data-id=\"2f90007\" data-element_type=\"widget\" data-e-type=\"widget\" data-widget_type=\"image.default\">\n\t\t\t\t\t\t\t\t\t\t\t\t\t\t\t<img decoding=\"async\" src=\"https:\/\/victoriajimenezpsicologia.com\/wp-content\/uploads\/elementor\/thumbs\/j-2-1-rdnv2ee4cu0l4ik8x33djf1hbm2411r58oq5fw1pug.png\" title=\"j (2)\" alt=\"j (2)\" loading=\"lazy\" \/>\t\t\t\t\t\t\t\t\t\t\t\t\t\t\t<\/div>\n\t\t\t\t<div class=\"elementor-element elementor-element-51b73dc elementor-align-center elementor-tablet-align-center elementor-widget elementor-widget-button\" data-id=\"51b73dc\" data-element_type=\"widget\" data-e-type=\"widget\" data-widget_type=\"button.default\">\n\t\t\t\t\t\t\t\t\t\t<a class=\"elementor-button elementor-button-link elementor-size-sm\" href=\"https:\/\/victoriajimenezpsicologia.com\/en\/services\/\">\n\t\t\t\t\t\t<span class=\"elementor-button-content-wrapper\">\n\t\t\t\t\t\t<span class=\"elementor-button-icon\">\n\t\t\t\t<svg aria-hidden=\"true\" class=\"e-font-icon-svg e-fas-angle-right\" viewBox=\"0 0 256 512\" xmlns=\"http:\/\/www.w3.org\/2000\/svg\"><path d=\"M224.3 273l-136 136c-9.4 9.4-24.6 9.4-33.9 0l-22.6-22.6c-9.4-9.4-9.4-24.6 0-33.9l96.4-96.4-96.4-96.4c-9.4-9.4-9.4-24.6 0-33.9L54.3 103c9.4-9.4 24.6-9.4 33.9 0l136 136c9.5 9.4 9.5 24.6.1 34z\"><\/path><\/svg>\t\t\t<\/span>\n\t\t\t\t\t\t\t\t\t<span class=\"elementor-button-text\">Discover my services<\/span>\n\t\t\t\t\t<\/span>\n\t\t\t\t\t<\/a>\n\t\t\t\t\t\t\t\t<\/div>\n\t\t\t\t<\/div>\n\t\t\t\t\t<\/div>\n\t\t\t\t<\/div>\n\t\t\t\t<\/div>\n\t\t","protected":false},"excerpt":{"rendered":"<p>Meet your psychologist Vict\u00f2ria Jim\u00e9nez I AM Vict\u00f2ria Jim\u00e9nez License No.: B-03515 A graduate in Psychology from the University of the Balearic Islands, she became a licensed healthcare psychologist after completing an official Master&#8217;s degree in General Healthcare Psychology at the same university. Throughout her career, she has continued to expand her training in specific [&hellip;]<\/p>\n","protected":false},"author":1,"featured_media":0,"parent":0,"menu_order":0,"comment_status":"closed","ping_status":"closed","template":"","meta":{"_acf_changed":false,"site-sidebar-layout":"no-sidebar","site-content-layout":"page-builder","ast-site-content-layout":"full-width-container","site-content-style":"unboxed","site-sidebar-style":"unboxed","ast-global-header-display":"","ast-banner-title-visibility":"","ast-main-header-display":"","ast-hfb-above-header-display":"","ast-hfb-below-header-display":"","ast-hfb-mobile-header-display":"","site-post-title":"disabled","ast-breadcrumbs-content":"","ast-featured-img":"disabled","footer-sml-layout":"","ast-disable-related-posts":"","theme-transparent-header-meta":"enabled","adv-header-id-meta":"","stick-header-meta":"","header-above-stick-meta":"","header-main-stick-meta":"","header-below-stick-meta":"","astra-migrate-meta-layouts":"default","ast-page-background-enabled":"default","ast-page-background-meta":{"desktop":{"background-color":"","background-image":"","background-repeat":"repeat","background-position":"center center","background-size":"auto","background-attachment":"scroll","background-type":"","background-media":"","overlay-type":"","overlay-color":"","overlay-opacity":"","overlay-gradient":""},"tablet":{"background-color":"","background-image":"","background-repeat":"repeat","background-position":"center center","background-size":"auto","background-attachment":"scroll","background-type":"","background-media":"","overlay-type":"","overlay-color":"","overlay-opacity":"","overlay-gradient":""},"mobile":{"background-color":"","background-image":"","background-repeat":"repeat","background-position":"center center","background-size":"auto","background-attachment":"scroll","background-type":"","background-media":"","overlay-type":"","overlay-color":"","overlay-opacity":"","overlay-gradient":""}},"ast-content-background-meta":{"desktop":{"background-color":"var(--ast-global-color-5)","background-image":"","background-repeat":"repeat","background-position":"center center","background-size":"auto","background-attachment":"scroll","background-type":"","background-media":"","overlay-type":"","overlay-color":"","overlay-opacity":"","overlay-gradient":""},"tablet":{"background-color":"var(--ast-global-color-5)","background-image":"","background-repeat":"repeat","background-position":"center center","background-size":"auto","background-attachment":"scroll","background-type":"","background-media":"","overlay-type":"","overlay-color":"","overlay-opacity":"","overlay-gradient":""},"mobile":{"background-color":"var(--ast-global-color-5)","background-image":"","background-repeat":"repeat","background-position":"center center","background-size":"auto","background-attachment":"scroll","background-type":"","background-media":"","overlay-type":"","overlay-color":"","overlay-opacity":"","overlay-gradient":""}},"footnotes":""},"class_list":["post-5056","page","type-page","status-publish","hentry"],"acf":[],"yoast_head":"<!-- This site is optimized with the Yoast SEO plugin v27.0 - https:\/\/yoast.com\/product\/yoast-seo-wordpress\/ -->\n<title>About me | Psychologist specializing in emotional well-being<\/title>\n<meta name=\"description\" content=\"Healthcare Psychologist with experience in anxiety, depression, self-esteem, and couples therapy. Discover my background and therapeutic approach.\" \/>\n<meta name=\"robots\" content=\"index, follow, max-snippet:-1, max-image-preview:large, max-video-preview:-1\" \/>\n<link rel=\"canonical\" href=\"https:\/\/victoriajimenezpsicologia.com\/en\/about-me\/\" \/>\n<meta property=\"og:locale\" content=\"en_US\" \/>\n<meta property=\"og:type\" content=\"article\" \/>\n<meta property=\"og:title\" content=\"About me | Psychologist specializing in emotional well-being\" \/>\n<meta property=\"og:description\" content=\"Healthcare Psychologist with experience in anxiety, depression, self-esteem, and couples therapy. Discover my background and therapeutic approach.\" \/>\n<meta property=\"og:url\" content=\"https:\/\/victoriajimenezpsicologia.com\/en\/about-me\/\" \/>\n<meta property=\"og:site_name\" content=\"Victoria Jim\u00e9nez Amengual\" \/>\n<meta property=\"article:modified_time\" content=\"2026-02-24T06:59:50+00:00\" \/>\n<meta property=\"og:image\" content=\"https:\/\/victoriajimenezpsicologia.com\/wp-content\/uploads\/2026\/02\/Logo-firma-1.png\" \/>\n\t<meta property=\"og:image:width\" content=\"2192\" \/>\n\t<meta property=\"og:image:height\" content=\"2249\" \/>\n\t<meta property=\"og:image:type\" content=\"image\/png\" \/>\n<meta name=\"twitter:card\" content=\"summary_large_image\" \/>\n<meta name=\"twitter:label1\" content=\"Est. reading time\" \/>\n\t<meta name=\"twitter:data1\" content=\"2 minutes\" \/>\n<script type=\"application\/ld+json\" class=\"yoast-schema-graph\">{\"@context\":\"https:\/\/schema.org\",\"@graph\":[{\"@type\":\"WebPage\",\"@id\":\"https:\/\/victoriajimenezpsicologia.com\/en\/about-me\/\",\"url\":\"https:\/\/victoriajimenezpsicologia.com\/en\/about-me\/\",\"name\":\"About me | Psychologist specializing in emotional well-being\",\"isPartOf\":{\"@id\":\"https:\/\/victoriajimenezpsicologia.com\/en\/#website\"},\"primaryImageOfPage\":{\"@id\":\"https:\/\/victoriajimenezpsicologia.com\/en\/about-me\/#primaryimage\"},\"image\":{\"@id\":\"https:\/\/victoriajimenezpsicologia.com\/en\/about-me\/#primaryimage\"},\"thumbnailUrl\":\"https:\/\/victoriajimenezpsicologia.com\/wp-content\/uploads\/2026\/02\/Logo-firma-1-998x1024.png\",\"datePublished\":\"2025-09-04T08:42:27+00:00\",\"dateModified\":\"2026-02-24T06:59:50+00:00\",\"description\":\"Healthcare Psychologist with experience in anxiety, depression, self-esteem, and couples therapy. Discover my background and therapeutic approach.\",\"breadcrumb\":{\"@id\":\"https:\/\/victoriajimenezpsicologia.com\/en\/about-me\/#breadcrumb\"},\"inLanguage\":\"en-US\",\"potentialAction\":[{\"@type\":\"ReadAction\",\"target\":[\"https:\/\/victoriajimenezpsicologia.com\/en\/about-me\/\"]}]},{\"@type\":\"ImageObject\",\"inLanguage\":\"en-US\",\"@id\":\"https:\/\/victoriajimenezpsicologia.com\/en\/about-me\/#primaryimage\",\"url\":\"https:\/\/victoriajimenezpsicologia.com\/wp-content\/uploads\/2026\/02\/Logo-firma-1-998x1024.png\",\"contentUrl\":\"https:\/\/victoriajimenezpsicologia.com\/wp-content\/uploads\/2026\/02\/Logo-firma-1-998x1024.png\"},{\"@type\":\"BreadcrumbList\",\"@id\":\"https:\/\/victoriajimenezpsicologia.com\/en\/about-me\/#breadcrumb\",\"itemListElement\":[{\"@type\":\"ListItem\",\"position\":1,\"name\":\"Portada\",\"item\":\"https:\/\/victoriajimenezpsicologia.com\/en\/home\/\"},{\"@type\":\"ListItem\",\"position\":2,\"name\":\"About me\"}]},{\"@type\":\"WebSite\",\"@id\":\"https:\/\/victoriajimenezpsicologia.com\/en\/#website\",\"url\":\"https:\/\/victoriajimenezpsicologia.com\/en\/\",\"name\":\"VIct\u00f2ria Jim\u00e9nez Amengual\",\"description\":\"Psicolog\u00eda Cl\u00ednica presencial y online\",\"publisher\":{\"@id\":\"https:\/\/victoriajimenezpsicologia.com\/en\/#organization\"},\"potentialAction\":[{\"@type\":\"SearchAction\",\"target\":{\"@type\":\"EntryPoint\",\"urlTemplate\":\"https:\/\/victoriajimenezpsicologia.com\/en\/?s={search_term_string}\"},\"query-input\":{\"@type\":\"PropertyValueSpecification\",\"valueRequired\":true,\"valueName\":\"search_term_string\"}}],\"inLanguage\":\"en-US\"},{\"@type\":\"Organization\",\"@id\":\"https:\/\/victoriajimenezpsicologia.com\/en\/#organization\",\"name\":\"Vict\u00f3ria Jim\u00e9nez Amengual\",\"url\":\"https:\/\/victoriajimenezpsicologia.com\/en\/\",\"logo\":{\"@type\":\"ImageObject\",\"inLanguage\":\"en-US\",\"@id\":\"https:\/\/victoriajimenezpsicologia.com\/en\/#\/schema\/logo\/image\/\",\"url\":\"http:\/\/victoriajimenezpsicologia.com\/wp-content\/uploads\/2025\/09\/j-1-1.png\",\"contentUrl\":\"http:\/\/victoriajimenezpsicologia.com\/wp-content\/uploads\/2025\/09\/j-1-1.png\",\"width\":500,\"height\":500,\"caption\":\"Vict\u00f3ria Jim\u00e9nez Amengual\"},\"image\":{\"@id\":\"https:\/\/victoriajimenezpsicologia.com\/en\/#\/schema\/logo\/image\/\"}}]}<\/script>\n<!-- \/ Yoast SEO plugin. -->","yoast_head_json":{"title":"About me | Psychologist specializing in emotional well-being","description":"Healthcare Psychologist with experience in anxiety, depression, self-esteem, and couples therapy. Discover my background and therapeutic approach.","robots":{"index":"index","follow":"follow","max-snippet":"max-snippet:-1","max-image-preview":"max-image-preview:large","max-video-preview":"max-video-preview:-1"},"canonical":"https:\/\/victoriajimenezpsicologia.com\/en\/about-me\/","og_locale":"en_US","og_type":"article","og_title":"About me | Psychologist specializing in emotional well-being","og_description":"Healthcare Psychologist with experience in anxiety, depression, self-esteem, and couples therapy. Discover my background and therapeutic approach.","og_url":"https:\/\/victoriajimenezpsicologia.com\/en\/about-me\/","og_site_name":"Victoria Jim\u00e9nez Amengual","article_modified_time":"2026-02-24T06:59:50+00:00","og_image":[{"width":2192,"height":2249,"url":"https:\/\/victoriajimenezpsicologia.com\/wp-content\/uploads\/2026\/02\/Logo-firma-1.png","type":"image\/png"}],"twitter_card":"summary_large_image","twitter_misc":{"Est. reading time":"2 minutes"},"schema":{"@context":"https:\/\/schema.org","@graph":[{"@type":"WebPage","@id":"https:\/\/victoriajimenezpsicologia.com\/en\/about-me\/","url":"https:\/\/victoriajimenezpsicologia.com\/en\/about-me\/","name":"About me | Psychologist specializing in emotional well-being","isPartOf":{"@id":"https:\/\/victoriajimenezpsicologia.com\/en\/#website"},"primaryImageOfPage":{"@id":"https:\/\/victoriajimenezpsicologia.com\/en\/about-me\/#primaryimage"},"image":{"@id":"https:\/\/victoriajimenezpsicologia.com\/en\/about-me\/#primaryimage"},"thumbnailUrl":"https:\/\/victoriajimenezpsicologia.com\/wp-content\/uploads\/2026\/02\/Logo-firma-1-998x1024.png","datePublished":"2025-09-04T08:42:27+00:00","dateModified":"2026-02-24T06:59:50+00:00","description":"Healthcare Psychologist with experience in anxiety, depression, self-esteem, and couples therapy. Discover my background and therapeutic approach.","breadcrumb":{"@id":"https:\/\/victoriajimenezpsicologia.com\/en\/about-me\/#breadcrumb"},"inLanguage":"en-US","potentialAction":[{"@type":"ReadAction","target":["https:\/\/victoriajimenezpsicologia.com\/en\/about-me\/"]}]},{"@type":"ImageObject","inLanguage":"en-US","@id":"https:\/\/victoriajimenezpsicologia.com\/en\/about-me\/#primaryimage","url":"https:\/\/victoriajimenezpsicologia.com\/wp-content\/uploads\/2026\/02\/Logo-firma-1-998x1024.png","contentUrl":"https:\/\/victoriajimenezpsicologia.com\/wp-content\/uploads\/2026\/02\/Logo-firma-1-998x1024.png"},{"@type":"BreadcrumbList","@id":"https:\/\/victoriajimenezpsicologia.com\/en\/about-me\/#breadcrumb","itemListElement":[{"@type":"ListItem","position":1,"name":"Portada","item":"https:\/\/victoriajimenezpsicologia.com\/en\/home\/"},{"@type":"ListItem","position":2,"name":"About me"}]},{"@type":"WebSite","@id":"https:\/\/victoriajimenezpsicologia.com\/en\/#website","url":"https:\/\/victoriajimenezpsicologia.com\/en\/","name":"VIct\u00f2ria Jim\u00e9nez Amengual","description":"Psicolog\u00eda Cl\u00ednica presencial y online","publisher":{"@id":"https:\/\/victoriajimenezpsicologia.com\/en\/#organization"},"potentialAction":[{"@type":"SearchAction","target":{"@type":"EntryPoint","urlTemplate":"https:\/\/victoriajimenezpsicologia.com\/en\/?s={search_term_string}"},"query-input":{"@type":"PropertyValueSpecification","valueRequired":true,"valueName":"search_term_string"}}],"inLanguage":"en-US"},{"@type":"Organization","@id":"https:\/\/victoriajimenezpsicologia.com\/en\/#organization","name":"Vict\u00f3ria Jim\u00e9nez Amengual","url":"https:\/\/victoriajimenezpsicologia.com\/en\/","logo":{"@type":"ImageObject","inLanguage":"en-US","@id":"https:\/\/victoriajimenezpsicologia.com\/en\/#\/schema\/logo\/image\/","url":"http:\/\/victoriajimenezpsicologia.com\/wp-content\/uploads\/2025\/09\/j-1-1.png","contentUrl":"http:\/\/victoriajimenezpsicologia.com\/wp-content\/uploads\/2025\/09\/j-1-1.png","width":500,"height":500,"caption":"Vict\u00f3ria Jim\u00e9nez Amengual"},"image":{"@id":"https:\/\/victoriajimenezpsicologia.com\/en\/#\/schema\/logo\/image\/"}}]}},"_links":{"self":[{"href":"https:\/\/victoriajimenezpsicologia.com\/en\/wp-json\/wp\/v2\/pages\/5056","targetHints":{"allow":["GET"]}}],"collection":[{"href":"https:\/\/victoriajimenezpsicologia.com\/en\/wp-json\/wp\/v2\/pages"}],"about":[{"href":"https:\/\/victoriajimenezpsicologia.com\/en\/wp-json\/wp\/v2\/types\/page"}],"author":[{"embeddable":true,"href":"https:\/\/victoriajimenezpsicologia.com\/en\/wp-json\/wp\/v2\/users\/1"}],"replies":[{"embeddable":true,"href":"https:\/\/victoriajimenezpsicologia.com\/en\/wp-json\/wp\/v2\/comments?post=5056"}],"version-history":[{"count":7,"href":"https:\/\/victoriajimenezpsicologia.com\/en\/wp-json\/wp\/v2\/pages\/5056\/revisions"}],"predecessor-version":[{"id":5440,"href":"https:\/\/victoriajimenezpsicologia.com\/en\/wp-json\/wp\/v2\/pages\/5056\/revisions\/5440"}],"wp:attachment":[{"href":"https:\/\/victoriajimenezpsicologia.com\/en\/wp-json\/wp\/v2\/media?parent=5056"}],"curies":[{"name":"wp","href":"https:\/\/api.w.org\/{rel}","templated":true}]}}